{"id":1899,"date":"2025-05-09T10:42:03","date_gmt":"2025-05-09T10:42:03","guid":{"rendered":"https:\/\/sahbee.tv\/?page_id=1899"},"modified":"2025-09-12T13:54:04","modified_gmt":"2025-09-12T13:54:04","slug":"about","status":"publish","type":"page","link":"https:\/\/sahbee.tv\/en\/about\/","title":{"rendered":"About"},"content":{"rendered":"<p>[et_pb_section fb_built=\u00a0\u00bb1&Prime; fullwidth=\u00a0\u00bbon\u00a0\u00bb _builder_version=\u00a0\u00bb4.27.4&Prime; _module_preset=\u00a0\u00bbdefault\u00a0\u00bb global_colors_info=\u00a0\u00bb{}\u00a0\u00bb][et_pb_fullwidth_slider _builder_version=\u00a0\u00bb4.27.4&Prime; _module_preset=\u00a0\u00bbdefault\u00a0\u00bb min_height=\u00a0\u00bb290px\u00a0\u00bb custom_padding=\u00a0\u00bb100px||50px|||\u00a0\u00bb link_option_url=\u00a0\u00bbhttps:\/\/sahbee.tv\/home\/films\/\u00a0\u00bb hover_enabled=\u00a0\u00bb0&Prime; global_colors_info=\u00a0\u00bb{}\u00a0\u00bb sticky_enabled=\u00a0\u00bb0&Prime;][et_pb_slide button_text=\u00a0\u00bbEN SAVOIR PLUS\u00a0\u00bb _builder_version=\u00a0\u00bb4.27.4&Prime; _module_preset=\u00a0\u00bbdefault\u00a0\u00bb background_image=\u00a0\u00bbhttps:\/\/sahbee.tv\/wp-content\/uploads\/sites\/48\/2025\/09\/Carousel-desktop-1000-x-250-13.jpg\u00a0\u00bb background_enable_image=\u00a0\u00bbon\u00a0\u00bb custom_button=\u00a0\u00bbon\u00a0\u00bb button_text_size=\u00a0\u00bb11px\u00a0\u00bb button_text_color=\u00a0\u00bb#000000&Prime; button_bg_color=\u00a0\u00bb#E09900&Prime; button_border_color=\u00a0\u00bbRGBA(255,255,255,0)\u00a0\u00bb button_border_radius=\u00a0\u00bb13px\u00a0\u00bb button_font=\u00a0\u00bb|700|||||||\u00a0\u00bb button_alignment=\u00a0\u00bbcenter\u00a0\u00bb button_custom_margin=\u00a0\u00bb|160px||166px|false|false\u00a0\u00bb button_custom_margin_tablet=\u00a0\u00bb|160px||166px|false|false\u00a0\u00bb button_custom_margin_phone=\u00a0\u00bb|160px||118px|false|false\u00a0\u00bb button_custom_margin_last_edited=\u00a0\u00bbon|phone\u00a0\u00bb hover_enabled=\u00a0\u00bb0&Prime; background_last_edited=\u00a0\u00bbon|phone\u00a0\u00bb background_image_phone=\u00a0\u00bbhttps:\/\/sahbee.tv\/wp-content\/uploads\/sites\/48\/2025\/09\/background_images-16.jpg\u00a0\u00bb background_enable_image_phone=\u00a0\u00bbon\u00a0\u00bb global_colors_info=\u00a0\u00bb{}\u00a0\u00bb sticky_transition=\u00a0\u00bbon\u00a0\u00bb title_text=\u00a0\u00bbbackground_images-16&Prime; sticky_enabled=\u00a0\u00bb0&Prime;][\/et_pb_slide][et_pb_slide button_text=\u00a0\u00bbEN SAVOIR PLUS\u00a0\u00bb button_link=\u00a0\u00bbhttps:\/\/www.arabfilmfestival.nl\/festival\/raff-program-2025\/\u00a0\u00bb _builder_version=\u00a0\u00bb4.27.4&Prime; _module_preset=\u00a0\u00bbdefault\u00a0\u00bb background_image=\u00a0\u00bbhttps:\/\/sahbee.tv\/wp-content\/uploads\/sites\/48\/2025\/05\/13.jpg\u00a0\u00bb background_enable_image=\u00a0\u00bbon\u00a0\u00bb custom_button=\u00a0\u00bbon\u00a0\u00bb button_text_size=\u00a0\u00bb11px\u00a0\u00bb button_text_color=\u00a0\u00bb#000000&Prime; button_bg_color=\u00a0\u00bb#E09900&Prime; button_border_color=\u00a0\u00bbRGBA(255,255,255,0)\u00a0\u00bb button_border_radius=\u00a0\u00bb13px\u00a0\u00bb button_font=\u00a0\u00bb|700|||||||\u00a0\u00bb button_alignment=\u00a0\u00bbcenter\u00a0\u00bb button_custom_margin=\u00a0\u00bb|160px||155px|false|false\u00a0\u00bb button_custom_margin_tablet=\u00a0\u00bb|160px||155px|false|false\u00a0\u00bb button_custom_margin_phone=\u00a0\u00bb|160px||105px|false|false\u00a0\u00bb button_custom_margin_last_edited=\u00a0\u00bbon|phone\u00a0\u00bb background_last_edited=\u00a0\u00bbon|phone\u00a0\u00bb background_image_phone=\u00a0\u00bbhttps:\/\/sahbee.tv\/wp-content\/uploads\/sites\/48\/2025\/05\/background_images-9.jpg\u00a0\u00bb background_enable_image_phone=\u00a0\u00bbon\u00a0\u00bb global_colors_info=\u00a0\u00bb{}\u00a0\u00bb sticky_transition=\u00a0\u00bbon\u00a0\u00bb][\/et_pb_slide][et_pb_slide button_text=\u00a0\u00bbEN SAVOIR PLUS\u00a0\u00bb _builder_version=\u00a0\u00bb4.27.4&Prime; _module_preset=\u00a0\u00bbdefault\u00a0\u00bb background_image=\u00a0\u00bbhttps:\/\/sahbee.tv\/wp-content\/uploads\/sites\/48\/2025\/05\/14.jpg\u00a0\u00bb background_enable_image=\u00a0\u00bbon\u00a0\u00bb custom_button=\u00a0\u00bbon\u00a0\u00bb button_text_size=\u00a0\u00bb11px\u00a0\u00bb button_text_color=\u00a0\u00bb#000000&Prime; button_bg_color=\u00a0\u00bb#E09900&Prime; button_border_color=\u00a0\u00bbRGBA(255,255,255,0)\u00a0\u00bb button_border_radius=\u00a0\u00bb13px\u00a0\u00bb button_font=\u00a0\u00bb|700|||||||\u00a0\u00bb button_alignment=\u00a0\u00bbcenter\u00a0\u00bb button_custom_margin=\u00a0\u00bb|160px||166px|false|false\u00a0\u00bb button_custom_margin_tablet=\u00a0\u00bb|160px||166px|false|false\u00a0\u00bb button_custom_margin_phone=\u00a0\u00bb|160px||118px|false|false\u00a0\u00bb button_custom_margin_last_edited=\u00a0\u00bbon|phone\u00a0\u00bb background_last_edited=\u00a0\u00bbon|phone\u00a0\u00bb background_image_phone=\u00a0\u00bbhttps:\/\/sahbee.tv\/wp-content\/uploads\/sites\/48\/2025\/05\/background_images-11.jpg\u00a0\u00bb background_enable_image_phone=\u00a0\u00bbon\u00a0\u00bb global_colors_info=\u00a0\u00bb{}\u00a0\u00bb sticky_transition=\u00a0\u00bbon\u00a0\u00bb][\/et_pb_slide][\/et_pb_fullwidth_slider][\/et_pb_section][et_pb_section fb_built=\u00a0\u00bb1&Prime; _builder_version=\u00a0\u00bb4.27.4&Prime; _module_preset=\u00a0\u00bbdefault\u00a0\u00bb background_color=\u00a0\u00bb#000000&Prime; global_colors_info=\u00a0\u00bb{}\u00a0\u00bb][et_pb_row _builder_version=\u00a0\u00bb4.27.4&Prime; _module_preset=\u00a0\u00bbdefault\u00a0\u00bb global_colors_info=\u00a0\u00bb{}\u00a0\u00bb][et_pb_column type=\u00a0\u00bb4_4&Prime; _builder_version=\u00a0\u00bb4.27.4&Prime; _module_preset=\u00a0\u00bbdefault\u00a0\u00bb global_colors_info=\u00a0\u00bb{}\u00a0\u00bb][et_pb_text _builder_version=\u00a0\u00bb4.27.4&Prime; _module_preset=\u00a0\u00bbdefault\u00a0\u00bb text_orientation=\u00a0\u00bbcenter\u00a0\u00bb global_colors_info=\u00a0\u00bb{}\u00a0\u00bb]<\/p>\n<h1><strong><span style=\"color: #ffffff\">About<\/span><\/strong><\/h1>\n<p>[\/et_pb_text][et_pb_text _builder_version=\u00a0\u00bb4.27.4&Prime; _module_preset=\u00a0\u00bbdefault\u00a0\u00bb text_font_size=\u00a0\u00bb20px\u00a0\u00bb global_colors_info=\u00a0\u00bb{}\u00a0\u00bb]<\/p>\n<p class=\"p1\" style=\"text-align: center\"><b>Sahbee TV<\/b><span>, allows you to discover the most compelling films and series from the Arab world and other vibrant cultures around the globe.<\/span><\/p>\n<p style=\"text-align: center\">We believe that by exploring stories and traditions from across the world, we can bring people closer together, foster empathy, and help shape a more peaceful world \u2014 one built on dignity and mutual respect.<\/p>\n<p style=\"text-align: center\">The name <b>Sahbee<\/b> comes from the Arabic word <b>for \u201cfriend.\u201d<\/b>Inspired by the spirit of the bee \u2014 a symbol of collaboration, movement, and pollination \u2014 we are committed to building lasting cultural connections through the power of film.<\/p>\n<p style=\"text-align: center\">[\/et_pb_text][et_pb_blurb title=\u00a0\u00bbRejoignez-nous pour explorer des histoires qui r\u00e9sonnent, questionnent et rassemblent.\u00a0\u00bb url_new_window=\u00a0\u00bbon\u00a0\u00bb image=\u00a0\u00bbhttps:\/\/sahbee.tv\/wp-content\/uploads\/sites\/48\/2025\/01\/Lovepik_com-400283664-envelope-linear-icon.png\u00a0\u00bb image_icon_width=\u00a0\u00bb27%\u00a0\u00bb _builder_version=\u00a0\u00bb4.27.4&Prime; _module_preset=\u00a0\u00bbdefault\u00a0\u00bb text_orientation=\u00a0\u00bbcenter\u00a0\u00bb background_layout=\u00a0\u00bbdark\u00a0\u00bb border_color_all_image=\u00a0\u00bbRGBA(255,255,255,0)\u00a0\u00bb global_colors_info=\u00a0\u00bb{}\u00a0\u00bb][\/et_pb_blurb][et_pb_button button_url=\u00a0\u00bbmailto:contact@sahbee.tv?subject=Please%20contact%20me%20to%20better%20understand%20your%20services\u00a0\u00bb url_new_window=\u00a0\u00bbon\u00a0\u00bb button_text=\u00a0\u00bbContactez-nous\u00a0\u00bb button_alignment=\u00a0\u00bbcenter\u00a0\u00bb _builder_version=\u00a0\u00bb4.27.4&Prime; _module_preset=\u00a0\u00bbdefault\u00a0\u00bb custom_button=\u00a0\u00bbon\u00a0\u00bb button_text_color=\u00a0\u00bb#000000&Prime; button_bg_color=\u00a0\u00bb#d8a900&Prime; button_border_width=\u00a0\u00bb0px\u00a0\u00bb button_border_radius=\u00a0\u00bb21px\u00a0\u00bb button_font=\u00a0\u00bb|700||on|||||\u00a0\u00bb global_colors_info=\u00a0\u00bb{}\u00a0\u00bb][\/et_pb_button][\/et_pb_column][\/et_pb_row][\/et_pb_section]<\/p>","protected":false},"excerpt":{"rendered":"<p>\u00c0 ProposSahbee TV, vous permet de d\u00e9couvrir les films et s\u00e9ries les plus passionnants du monde arabe et d\u2019autres cultures vibrantes \u00e0 travers le globe. Nous croyons que d\u00e9couvrir les r\u00e9cits et les traditions d\u2019ailleurs permet de rapprocher les peuples, de cultiver l\u2019empathie et de semer les graines d\u2019un monde plus pacifique \u2014 fond\u00e9 sur [&hellip;]<\/p>","protected":false},"author":14,"featured_media":0,"parent":0,"menu_order":0,"comment_status":"closed","ping_status":"closed","template":"","meta":{"_acf_changed":false,"_et_pb_use_builder":"on","_et_pb_old_content":"<!-- wp:divi\/placeholder \/-->","_et_gb_content_width":"","content-type":"","footnotes":""},"class_list":["post-1899","page","type-page","status-publish","hentry"],"acf":[],"yoast_head":"<!-- This site is optimized with the Yoast SEO Premium plugin v24.4 (Yoast SEO v26.6) - https:\/\/yoast.com\/wordpress\/plugins\/seo\/ -->\n<title>About - Sahbee TV<\/title>\n<meta name=\"robots\" content=\"index, follow, max-snippet:-1, max-image-preview:large, max-video-preview:-1\" \/>\n<link rel=\"canonical\" href=\"https:\/\/sahbee.tv\/en\/about\/\" \/>\n<meta property=\"og:locale\" content=\"en_GB\" \/>\n<meta property=\"og:type\" content=\"article\" \/>\n<meta property=\"og:title\" content=\"About\" \/>\n<meta property=\"og:description\" content=\"\u00c0 ProposSahbee TV, vous permet de d\u00e9couvrir les films et s\u00e9ries les plus passionnants du monde arabe et d\u2019autres cultures vibrantes \u00e0 travers le globe. Nous croyons que d\u00e9couvrir les r\u00e9cits et les traditions d\u2019ailleurs permet de rapprocher les peuples, de cultiver l\u2019empathie et de semer les graines d\u2019un monde plus pacifique \u2014 fond\u00e9 sur [&hellip;]\" \/>\n<meta property=\"og:url\" content=\"https:\/\/sahbee.tv\/en\/about\/\" \/>\n<meta property=\"og:site_name\" content=\"Sahbee TV\" \/>\n<meta property=\"article:modified_time\" content=\"2025-09-12T13:54:04+00:00\" \/>\n<meta name=\"twitter:card\" content=\"summary_large_image\" \/>\n<meta name=\"twitter:label1\" content=\"Estimated reading time\" \/>\n\t<meta name=\"twitter:data1\" content=\"4 minutes\" \/>\n<script type=\"application\/ld+json\" class=\"yoast-schema-graph\">{\"@context\":\"https:\/\/schema.org\",\"@graph\":[{\"@type\":\"WebPage\",\"@id\":\"https:\/\/sahbee.tv\/about\/\",\"url\":\"https:\/\/sahbee.tv\/about\/\",\"name\":\"About - Sahbee TV\",\"isPartOf\":{\"@id\":\"https:\/\/sahbee.tv\/#website\"},\"datePublished\":\"2025-05-09T10:42:03+00:00\",\"dateModified\":\"2025-09-12T13:54:04+00:00\",\"breadcrumb\":{\"@id\":\"https:\/\/sahbee.tv\/about\/#breadcrumb\"},\"inLanguage\":\"en-GB\",\"potentialAction\":[{\"@type\":\"ReadAction\",\"target\":[\"https:\/\/sahbee.tv\/about\/\"]}]},{\"@type\":\"BreadcrumbList\",\"@id\":\"https:\/\/sahbee.tv\/about\/#breadcrumb\",\"itemListElement\":[{\"@type\":\"ListItem\",\"position\":1,\"name\":\"Home\",\"item\":\"https:\/\/sahbee.tv\/\"},{\"@type\":\"ListItem\",\"position\":2,\"name\":\"About\"}]},{\"@type\":\"WebSite\",\"@id\":\"https:\/\/sahbee.tv\/#website\",\"url\":\"https:\/\/sahbee.tv\/\",\"name\":\"Sahbee TV\",\"description\":\"The perfect watching guide!\",\"publisher\":{\"@id\":\"https:\/\/sahbee.tv\/#organization\"},\"potentialAction\":[{\"@type\":\"SearchAction\",\"target\":{\"@type\":\"EntryPoint\",\"urlTemplate\":\"https:\/\/sahbee.tv\/?s={search_term_string}\"},\"query-input\":{\"@type\":\"PropertyValueSpecification\",\"valueRequired\":true,\"valueName\":\"search_term_string\"}}],\"inLanguage\":\"en-GB\"},{\"@type\":\"Organization\",\"@id\":\"https:\/\/sahbee.tv\/#organization\",\"name\":\"Sahbee TV\",\"url\":\"https:\/\/sahbee.tv\/\",\"logo\":{\"@type\":\"ImageObject\",\"inLanguage\":\"en-GB\",\"@id\":\"https:\/\/sahbee.tv\/#\/schema\/logo\/image\/\",\"url\":\"https:\/\/sahbee.tv\/wp-content\/uploads\/sites\/48\/2025\/01\/sahbee_tv_logo.png\",\"contentUrl\":\"https:\/\/sahbee.tv\/wp-content\/uploads\/sites\/48\/2025\/01\/sahbee_tv_logo.png\",\"width\":350,\"height\":210,\"caption\":\"Sahbee TV\"},\"image\":{\"@id\":\"https:\/\/sahbee.tv\/#\/schema\/logo\/image\/\"}}]}<\/script>\n<!-- \/ Yoast SEO Premium plugin. -->","yoast_head_json":{"title":"About - Sahbee TV","robots":{"index":"index","follow":"follow","max-snippet":"max-snippet:-1","max-image-preview":"max-image-preview:large","max-video-preview":"max-video-preview:-1"},"canonical":"https:\/\/sahbee.tv\/en\/about\/","og_locale":"en_GB","og_type":"article","og_title":"About","og_description":"\u00c0 ProposSahbee TV, vous permet de d\u00e9couvrir les films et s\u00e9ries les plus passionnants du monde arabe et d\u2019autres cultures vibrantes \u00e0 travers le globe. Nous croyons que d\u00e9couvrir les r\u00e9cits et les traditions d\u2019ailleurs permet de rapprocher les peuples, de cultiver l\u2019empathie et de semer les graines d\u2019un monde plus pacifique \u2014 fond\u00e9 sur [&hellip;]","og_url":"https:\/\/sahbee.tv\/en\/about\/","og_site_name":"Sahbee TV","article_modified_time":"2025-09-12T13:54:04+00:00","twitter_card":"summary_large_image","twitter_misc":{"Estimated reading time":"4 minutes"},"schema":{"@context":"https:\/\/schema.org","@graph":[{"@type":"WebPage","@id":"https:\/\/sahbee.tv\/about\/","url":"https:\/\/sahbee.tv\/about\/","name":"About - Sahbee TV","isPartOf":{"@id":"https:\/\/sahbee.tv\/#website"},"datePublished":"2025-05-09T10:42:03+00:00","dateModified":"2025-09-12T13:54:04+00:00","breadcrumb":{"@id":"https:\/\/sahbee.tv\/about\/#breadcrumb"},"inLanguage":"en-GB","potentialAction":[{"@type":"ReadAction","target":["https:\/\/sahbee.tv\/about\/"]}]},{"@type":"BreadcrumbList","@id":"https:\/\/sahbee.tv\/about\/#breadcrumb","itemListElement":[{"@type":"ListItem","position":1,"name":"Home","item":"https:\/\/sahbee.tv\/"},{"@type":"ListItem","position":2,"name":"About"}]},{"@type":"WebSite","@id":"https:\/\/sahbee.tv\/#website","url":"https:\/\/sahbee.tv\/","name":"Sahbee TV","description":"The perfect watching guide!","publisher":{"@id":"https:\/\/sahbee.tv\/#organization"},"potentialAction":[{"@type":"SearchAction","target":{"@type":"EntryPoint","urlTemplate":"https:\/\/sahbee.tv\/?s={search_term_string}"},"query-input":{"@type":"PropertyValueSpecification","valueRequired":true,"valueName":"search_term_string"}}],"inLanguage":"en-GB"},{"@type":"Organization","@id":"https:\/\/sahbee.tv\/#organization","name":"Sahbee TV","url":"https:\/\/sahbee.tv\/","logo":{"@type":"ImageObject","inLanguage":"en-GB","@id":"https:\/\/sahbee.tv\/#\/schema\/logo\/image\/","url":"https:\/\/sahbee.tv\/wp-content\/uploads\/sites\/48\/2025\/01\/sahbee_tv_logo.png","contentUrl":"https:\/\/sahbee.tv\/wp-content\/uploads\/sites\/48\/2025\/01\/sahbee_tv_logo.png","width":350,"height":210,"caption":"Sahbee TV"},"image":{"@id":"https:\/\/sahbee.tv\/#\/schema\/logo\/image\/"}}]}},"_links":{"self":[{"href":"https:\/\/sahbee.tv\/en\/wp-json\/wp\/v2\/pages\/1899","targetHints":{"allow":["GET"]}}],"collection":[{"href":"https:\/\/sahbee.tv\/en\/wp-json\/wp\/v2\/pages"}],"about":[{"href":"https:\/\/sahbee.tv\/en\/wp-json\/wp\/v2\/types\/page"}],"author":[{"embeddable":true,"href":"https:\/\/sahbee.tv\/en\/wp-json\/wp\/v2\/users\/14"}],"replies":[{"embeddable":true,"href":"https:\/\/sahbee.tv\/en\/wp-json\/wp\/v2\/comments?post=1899"}],"version-history":[{"count":7,"href":"https:\/\/sahbee.tv\/en\/wp-json\/wp\/v2\/pages\/1899\/revisions"}],"predecessor-version":[{"id":2297,"href":"https:\/\/sahbee.tv\/en\/wp-json\/wp\/v2\/pages\/1899\/revisions\/2297"}],"wp:attachment":[{"href":"https:\/\/sahbee.tv\/en\/wp-json\/wp\/v2\/media?parent=1899"}],"curies":[{"name":"wp","href":"https:\/\/api.w.org\/{rel}","templated":true}]}}